{"id":464,"date":"2021-07-02T11:42:46","date_gmt":"2021-07-02T11:42:46","guid":{"rendered":"https:\/\/www.topfiltrationeurope.com\/nebenstrom-filter\/"},"modified":"2023-07-31T15:13:45","modified_gmt":"2023-07-31T15:13:45","slug":"nebenstrom-filter","status":"publish","type":"page","link":"https:\/\/www.topfiltrationeurope.com\/de\/nebenstrom-filter\/","title":{"rendered":"Nebenstrom Filter"},"content":{"rendered":"\t\t<div data-elementor-type=\"wp-page\" data-elementor-id=\"464\" class=\"elementor elementor-464 elementor-148\" data-elementor-post-type=\"page\">\n\t\t\t\t\t\t<section class=\"elementor-section elementor-top-section elementor-element elementor-element-37de084 elementor-section-boxed elementor-section-height-default elementor-section-height-default\" data-id=\"37de084\" data-element_type=\"section\" data-settings=\"{&quot;background_background&quot;:&quot;classic&quot;}\">\n\t\t\t\t\t\t<div class=\"elementor-container elementor-column-gap-default\">\n\t\t\t\t\t<div class=\"elementor-column elementor-col-100 elementor-top-column elementor-element elementor-element-5ebc6b5\" data-id=\"5ebc6b5\" data-element_type=\"column\">\n\t\t\t<div class=\"elementor-widget-wrap elementor-element-populated\">\n\t\t\t\t\t\t<div class=\"elementor-element elementor-element-3be4f4a elementor-widget elementor-widget-heading\" data-id=\"3be4f4a\" data-element_type=\"widget\" data-widget_type=\"heading.default\">\n\t\t\t\t<div class=\"elementor-widget-container\">\n\t\t\t\t\t<p class=\"elementor-heading-title elementor-size-default\">ZUVERL\u00c4SSIGE ELIMINIERUNG DER SCHMUTZPARTIKEL<\/p>\t\t\t\t<\/div>\n\t\t\t\t<\/div>\n\t\t\t\t<div class=\"elementor-element elementor-element-2359748 elementor-widget elementor-widget-heading\" data-id=\"2359748\" data-element_type=\"widget\" data-widget_type=\"heading.default\">\n\t\t\t\t<div class=\"elementor-widget-container\">\n\t\t\t\t\t<h1 class=\"elementor-heading-title elementor-size-default\">Nebenstrom Filter<\/h1>\t\t\t\t<\/div>\n\t\t\t\t<\/div>\n\t\t\t\t<div class=\"elementor-element elementor-element-ef5ac7e elementor-widget elementor-widget-text-editor\" data-id=\"ef5ac7e\" data-element_type=\"widget\" data-widget_type=\"text-editor.default\">\n\t\t\t\t<div class=\"elementor-widget-container\">\n\t\t\t\t\t\t\t\t\t<p>Top Air \u00d6l und Nebenstrom-Filter sorgen f\u00fcr die zuverl\u00e4ssige Eliminierung der Schmutzpartikel, die trotz Luftfilter Vorabscheider in den Motor gelangen konnten.<\/p>\n\t\t\t\t\t\t\t\t<\/div>\n\t\t\t\t<\/div>\n\t\t\t\t\t<\/div>\n\t\t<\/div>\n\t\t\t\t\t<\/div>\n\t\t<\/section>\n\t\t\t\t<section class=\"elementor-section elementor-top-section elementor-element elementor-element-35605e4 elementor-section-boxed elementor-section-height-default elementor-section-height-default\" data-id=\"35605e4\" data-element_type=\"section\">\n\t\t\t\t\t\t<div class=\"elementor-container elementor-column-gap-default\">\n\t\t\t\t\t<div class=\"elementor-column elementor-col-50 elementor-top-column elementor-element elementor-element-465d4ff\" data-id=\"465d4ff\" data-element_type=\"column\">\n\t\t\t<div class=\"elementor-widget-wrap elementor-element-populated\">\n\t\t\t\t\t\t<div class=\"elementor-element elementor-element-0a1c28f elementor-widget elementor-widget-image\" data-id=\"0a1c28f\" data-element_type=\"widget\" data-widget_type=\"image.default\">\n\t\t\t\t<div class=\"elementor-widget-container\">\n\t\t\t\t\t\t\t\t\t\t\t\t\t\t\t<img fetchpriority=\"high\" decoding=\"async\" width=\"800\" height=\"800\" src=\"https:\/\/www.topfiltrationeurope.com\/wp-content\/uploads\/2021\/07\/bypass-600x600-1.png\" class=\"attachment-large size-large wp-image-348\" alt=\"\" srcset=\"https:\/\/www.topfiltrationeurope.com\/wp-content\/uploads\/2021\/07\/bypass-600x600-1.png 800w, https:\/\/www.topfiltrationeurope.com\/wp-content\/uploads\/2021\/07\/bypass-600x600-1-300x300.png 300w, https:\/\/www.topfiltrationeurope.com\/wp-content\/uploads\/2021\/07\/bypass-600x600-1-150x150.png 150w, https:\/\/www.topfiltrationeurope.com\/wp-content\/uploads\/2021\/07\/bypass-600x600-1-768x768.png 768w\" sizes=\"(max-width: 800px) 100vw, 800px\" \/>\t\t\t\t\t\t\t\t\t\t\t\t\t\t\t<\/div>\n\t\t\t\t<\/div>\n\t\t\t\t\t<\/div>\n\t\t<\/div>\n\t\t\t\t<div class=\"elementor-column elementor-col-50 elementor-top-column elementor-element elementor-element-2cf874c\" data-id=\"2cf874c\" data-element_type=\"column\">\n\t\t\t<div class=\"elementor-widget-wrap elementor-element-populated\">\n\t\t\t\t\t\t<div class=\"elementor-element elementor-element-19e5e67 elementor-widget elementor-widget-heading\" data-id=\"19e5e67\" data-element_type=\"widget\" data-widget_type=\"heading.default\">\n\t\t\t\t<div class=\"elementor-widget-container\">\n\t\t\t\t\t<h1 class=\"elementor-heading-title elementor-size-default\">Topfiltration Feinstfilter<\/h1>\t\t\t\t<\/div>\n\t\t\t\t<\/div>\n\t\t\t\t<div class=\"elementor-element elementor-element-0f33039 elementor-widget elementor-widget-text-editor\" data-id=\"0f33039\" data-element_type=\"widget\" data-widget_type=\"text-editor.default\">\n\t\t\t\t<div class=\"elementor-widget-container\">\n\t\t\t\t\t\t\t\t\t<p>Der Topfiltration Feinstfilter wird im Bypass am Motor angebaut undentfernt kontinuierlich alle Partikel aus dem Motor\u00f6l, die gr\u00f6\u00dfer als 1\u00b5 sind. Der Einsatz von TFE \u00d6l+ kann die Lebensdauer von Motoren (bei einem \u00d6lwechsel pro Jahr) leicht verf\u00fcnffachen. Kein Wunder dass viele Hersteller bereits werkseitig auf diesen Filter setzen.<\/p>\n\t\t\t\t\t\t\t\t<\/div>\n\t\t\t\t<\/div>\n\t\t\t\t<div class=\"elementor-element elementor-element-47ee4f2 elementor-widget elementor-widget-heading\" data-id=\"47ee4f2\" data-element_type=\"widget\" data-widget_type=\"heading.default\">\n\t\t\t\t<div class=\"elementor-widget-container\">\n\t\t\t\t\t<h3 class=\"elementor-heading-title elementor-size-default\">Vorteile des TFE \u00d6l+ Bypass Filters<\/h3>\t\t\t\t<\/div>\n\t\t\t\t<\/div>\n\t\t\t\t<div class=\"elementor-element elementor-element-b43a33f elementor-widget elementor-widget-text-editor\" data-id=\"b43a33f\" data-element_type=\"widget\" data-widget_type=\"text-editor.default\">\n\t\t\t\t<div class=\"elementor-widget-container\">\n\t\t\t\t\t\t\t\t\t<ul>\n<li>Entfernt zuverl\u00e4ssig Feststoffe bis zu 0,5 \u00b5m aus dem Motor\u00f6l<\/li>\n<li>Verlangsamt die \u00c4nderung der TBN-Werte<\/li>\n<li>Additive werden weder beeinflusst noch entfernt<\/li>\n<li>Bremst den Oxidationsvorgang<\/li>\n<li>Puffert entstehendes Kondenswasser im Filterelement<\/li>\n<li>Keine negativen Auswirkungen auf die Viskosit\u00e4t<\/li>\n<li>Gro\u00dfe Filteroberfl\u00e4che, somit hohe Schmutzaufnahme<\/li>\n<\/ul>\n\t\t\t\t\t\t\t\t<\/div>\n\t\t\t\t<\/div>\n\t\t\t\t<div class=\"elementor-element elementor-element-4f8a1d7 elementor-widget elementor-widget-button\" data-id=\"4f8a1d7\" data-element_type=\"widget\" data-widget_type=\"button.default\">\n\t\t\t\t<div class=\"elementor-widget-container\">\n\t\t\t\t\t\t\t\t\t<div class=\"elementor-button-wrapper\">\n\t\t\t\t\t<a class=\"elementor-button elementor-button-link elementor-size-lg\" href=\"https:\/\/www.topfiltrationeurope.com\/wp-content\/uploads\/2023\/07\/bypass-DE.pdf\">\n\t\t\t\t\t\t<span class=\"elementor-button-content-wrapper\">\n\t\t\t\t\t\t<span class=\"elementor-button-icon\">\n\t\t\t\t<i aria-hidden=\"true\" class=\"fas fa-download\"><\/i>\t\t\t<\/span>\n\t\t\t\t\t\t\t\t\t<span class=\"elementor-button-text\"> TECHNISCHEN DATEN<\/span>\n\t\t\t\t\t<\/span>\n\t\t\t\t\t<\/a>\n\t\t\t\t<\/div>\n\t\t\t\t\t\t\t\t<\/div>\n\t\t\t\t<\/div>\n\t\t\t\t\t<\/div>\n\t\t<\/div>\n\t\t\t\t\t<\/div>\n\t\t<\/section>\n\t\t\t\t<\/div>\n\t\t","protected":false},"excerpt":{"rendered":"<p>ZUVERL\u00c4SSIGE ELIMINIERUNG DER SCHMUTZPARTIKEL Nebenstrom Filter Top Air \u00d6l und Nebenstrom-Filter sorgen f\u00fcr die zuverl\u00e4ssige Eliminierung der Schmutzpartikel, die trotz Luftfilter Vorabscheider in den Motor gelangen konnten. Topfiltration Feinstfilter Der Topfiltration Feinstfilter wird im Bypass am Motor angebaut undentfernt kontinuierlich alle Partikel aus dem Motor\u00f6l, die gr\u00f6\u00dfer als 1\u00b5 sind. Der Einsatz von TFE \u00d6l+ &hellip;<\/p>\n<p class=\"read-more\"> <a class=\"\" href=\"https:\/\/www.topfiltrationeurope.com\/de\/nebenstrom-filter\/\"> <span class=\"screen-reader-text\">Nebenstrom Filter<\/span> Weiterlesen &raquo;<\/a><\/p>\n","protected":false},"author":1,"featured_media":0,"parent":0,"menu_order":0,"comment_status":"closed","ping_status":"closed","template":"","meta":{"site-sidebar-layout":"no-sidebar","site-content-layout":"page-builder","ast-global-header-display":"","ast-main-header-display":"","ast-hfb-above-header-display":"","ast-hfb-below-header-display":"","ast-hfb-mobile-header-display":"","site-post-title":"disabled","ast-breadcrumbs-content":"","ast-featured-img":"disabled","footer-sml-layout":"","theme-transparent-header-meta":"default","adv-header-id-meta":"","stick-header-meta":"","header-above-stick-meta":"","header-main-stick-meta":"","header-below-stick-meta":"","footnotes":""},"class_list":["post-464","page","type-page","status-publish","hentry"],"_links":{"self":[{"href":"https:\/\/www.topfiltrationeurope.com\/de\/wp-json\/wp\/v2\/pages\/464","targetHints":{"allow":["GET"]}}],"collection":[{"href":"https:\/\/www.topfiltrationeurope.com\/de\/wp-json\/wp\/v2\/pages"}],"about":[{"href":"https:\/\/www.topfiltrationeurope.com\/de\/wp-json\/wp\/v2\/types\/page"}],"author":[{"embeddable":true,"href":"https:\/\/www.topfiltrationeurope.com\/de\/wp-json\/wp\/v2\/users\/1"}],"replies":[{"embeddable":true,"href":"https:\/\/www.topfiltrationeurope.com\/de\/wp-json\/wp\/v2\/comments?post=464"}],"version-history":[{"count":1,"href":"https:\/\/www.topfiltrationeurope.com\/de\/wp-json\/wp\/v2\/pages\/464\/revisions"}],"predecessor-version":[{"id":465,"href":"https:\/\/www.topfiltrationeurope.com\/de\/wp-json\/wp\/v2\/pages\/464\/revisions\/465"}],"wp:attachment":[{"href":"https:\/\/www.topfiltrationeurope.com\/de\/wp-json\/wp\/v2\/media?parent=464"}],"curies":[{"name":"wp","href":"https:\/\/api.w.org\/{rel}","templated":true}]}}