{"id":451,"date":"2021-07-01T16:06:30","date_gmt":"2021-07-01T16:06:30","guid":{"rendered":"https:\/\/www.topfiltrationeurope.com\/home\/"},"modified":"2025-03-20T11:39:28","modified_gmt":"2025-03-20T11:39:28","slug":"home","status":"publish","type":"page","link":"https:\/\/www.topfiltrationeurope.com\/de\/","title":{"rendered":"Home"},"content":{"rendered":"\t\t<div data-elementor-type=\"wp-page\" data-elementor-id=\"451\" class=\"elementor elementor-451 elementor-24\" data-elementor-post-type=\"page\">\n\t\t\t\t\t\t<section class=\"elementor-section elementor-top-section elementor-element elementor-element-0777c86 elementor-section-height-min-height elementor-section-boxed elementor-section-height-default elementor-section-items-middle\" data-id=\"0777c86\" data-element_type=\"section\" data-settings=\"{&quot;background_background&quot;:&quot;classic&quot;}\">\n\t\t\t\t\t\t\t<div class=\"elementor-background-overlay\"><\/div>\n\t\t\t\t\t\t\t<div class=\"elementor-container elementor-column-gap-default\">\n\t\t\t\t\t<div class=\"elementor-column elementor-col-100 elementor-top-column elementor-element elementor-element-0f41c2b\" data-id=\"0f41c2b\" data-element_type=\"column\">\n\t\t\t<div class=\"elementor-widget-wrap elementor-element-populated\">\n\t\t\t\t\t\t<div class=\"elementor-element elementor-element-691c1ad elementor-widget elementor-widget-heading\" data-id=\"691c1ad\" data-element_type=\"widget\" data-widget_type=\"heading.default\">\n\t\t\t\t<div class=\"elementor-widget-container\">\n\t\t\t\t\t<h1 class=\"elementor-heading-title elementor-size-default\">KEEPS YOUR EQUIPMENT MOVING<\/h1>\t\t\t\t<\/div>\n\t\t\t\t<\/div>\n\t\t\t\t\t<\/div>\n\t\t<\/div>\n\t\t\t\t\t<\/div>\n\t\t<\/section>\n\t\t\t\t<section class=\"elementor-section elementor-top-section elementor-element elementor-element-aef3dfe elementor-section-boxed elementor-section-height-default elementor-section-height-default\" data-id=\"aef3dfe\" data-element_type=\"section\">\n\t\t\t\t\t\t<div class=\"elementor-container elementor-column-gap-default\">\n\t\t\t\t\t<div class=\"elementor-column elementor-col-100 elementor-top-column elementor-element elementor-element-6a5d81f\" data-id=\"6a5d81f\" data-element_type=\"column\">\n\t\t\t<div class=\"elementor-widget-wrap elementor-element-populated\">\n\t\t\t\t\t\t<div class=\"elementor-element elementor-element-7cb5b6d elementor-widget elementor-widget-heading\" data-id=\"7cb5b6d\" data-element_type=\"widget\" data-widget_type=\"heading.default\">\n\t\t\t\t<div class=\"elementor-widget-container\">\n\t\t\t\t\t<h2 class=\"elementor-heading-title elementor-size-default\">UNSER UNTERNEHMEN<\/h2>\t\t\t\t<\/div>\n\t\t\t\t<\/div>\n\t\t\t\t<div class=\"elementor-element elementor-element-8aa8fa6 elementor-widget elementor-widget-text-editor\" data-id=\"8aa8fa6\" data-element_type=\"widget\" data-widget_type=\"text-editor.default\">\n\t\t\t\t<div class=\"elementor-widget-container\">\n\t\t\t\t\t\t\t\t\t<p>Topfiltration Europe ist als Spezialist f\u00fcr hochwertige Spezialfilter zuverl\u00e4\u00dfiger Partner von Unternehmen in Stra\u00dfenbau, Landwirtschaft\/Forstwirtschaft, Bergbau, Tief- und Hochbau, Maschinenbau und Fahrzeugbau.<\/p>\n<p>Ob Luftvorabscheider oder By-pass-Filtersysteme, hydraulisch Filter, Bel\u00fcfter oder Bio-Filter: Wir verwenden ausschlie\u00dflich hochwertige, exklusive Orginalteile aus Deutschland und den USA (keine Plagiate!).<\/p>\n\t\t\t\t\t\t\t\t<\/div>\n\t\t\t\t<\/div>\n\t\t\t\t\t<\/div>\n\t\t<\/div>\n\t\t\t\t\t<\/div>\n\t\t<\/section>\n\t\t\t\t<section class=\"elementor-section elementor-top-section elementor-element elementor-element-fb03c3b elementor-section-boxed elementor-section-height-default elementor-section-height-default\" data-id=\"fb03c3b\" data-element_type=\"section\">\n\t\t\t\t\t\t<div class=\"elementor-container elementor-column-gap-default\">\n\t\t\t\t\t<div class=\"elementor-column elementor-col-33 elementor-top-column elementor-element elementor-element-bfc4896\" data-id=\"bfc4896\" data-element_type=\"column\">\n\t\t\t<div class=\"elementor-widget-wrap elementor-element-populated\">\n\t\t\t\t\t\t<div class=\"elementor-element elementor-element-e7924b3 elementor-position-top elementor-widget elementor-widget-image-box\" data-id=\"e7924b3\" data-element_type=\"widget\" data-widget_type=\"image-box.default\">\n\t\t\t\t<div class=\"elementor-widget-container\">\n\t\t\t\t\t<div class=\"elementor-image-box-wrapper\"><figure class=\"elementor-image-box-img\"><a href=\"https:\/\/www.topfiltrationeurope.com\/de\/vorabscheider\/\" tabindex=\"-1\"><img decoding=\"async\" width=\"100\" height=\"102\" src=\"https:\/\/www.topfiltrationeurope.com\/wp-content\/uploads\/2021\/07\/100pix.png\" class=\"elementor-animation-pop attachment-full size-full wp-image-40\" alt=\"\" \/><\/a><\/figure><div class=\"elementor-image-box-content\"><h4 class=\"elementor-image-box-title\"><a href=\"https:\/\/www.topfiltrationeurope.com\/de\/vorabscheider\/\">VORABSCHEIDER<\/a><\/h4><a href=\"https:\/\/www.topfiltrationeurope.com\/de\/vorabscheider\/\"><p class=\"elementor-image-box-description\">Top Air Vorabscheider verhindern, dass Schmutzpartikel \u00fcber die Ansaugluft in den Luftfilter und in den Motor gelangen. Der Motor kann dadurch l\u00e4ngere Zeit \u201cfrei atmen\u201d. Unsere hochwertigen Luftfilter- Vorabscheider arbeiten dank eines kugelgelagerten Edelstahlrotors und einer polierten Aluminiumhaube praktisch verschlei\u00dffrei. Darauf gew\u00e4hren wir eine Garantie von bis zu 6 Jahren. Wenn Sie eine g\u00fcnstigere L\u00f6sung w\u00fcnschen, w\u00e4hlen Sie unseren Kunststoff-Vorabscheider. Brauchen Sie eine L\u00f6sung f\u00fcr Klimaanlagen, Schutzbel\u00fcftungsanlagen oder Kleinmotoren f\u00fcr Flurf\u00f6rderfahrzeuge dann empfehlen wir unsere SGU-Ausf\u00fchrung<\/p><\/a><\/div><\/div>\t\t\t\t<\/div>\n\t\t\t\t<\/div>\n\t\t\t\t\t<\/div>\n\t\t<\/div>\n\t\t\t\t<div class=\"elementor-column elementor-col-33 elementor-top-column elementor-element elementor-element-f123276\" data-id=\"f123276\" data-element_type=\"column\">\n\t\t\t<div class=\"elementor-widget-wrap elementor-element-populated\">\n\t\t\t\t\t\t<div class=\"elementor-element elementor-element-96dafce elementor-position-top elementor-widget elementor-widget-image-box\" data-id=\"96dafce\" data-element_type=\"widget\" data-widget_type=\"image-box.default\">\n\t\t\t\t<div class=\"elementor-widget-container\">\n\t\t\t\t\t<div class=\"elementor-image-box-wrapper\"><figure class=\"elementor-image-box-img\"><a href=\"https:\/\/www.topfiltrationeurope.com\/de\/nebenstrom-filter\/\" tabindex=\"-1\"><img decoding=\"async\" width=\"73\" height=\"102\" src=\"https:\/\/www.topfiltrationeurope.com\/wp-content\/uploads\/2021\/07\/BYPASS-KLEIN.png\" class=\"elementor-animation-pop attachment-full size-full wp-image-38\" alt=\"\" \/><\/a><\/figure><div class=\"elementor-image-box-content\"><h4 class=\"elementor-image-box-title\"><a href=\"https:\/\/www.topfiltrationeurope.com\/de\/nebenstrom-filter\/\">NEBENSTROM FILTER<\/a><\/h4><a href=\"https:\/\/www.topfiltrationeurope.com\/de\/nebenstrom-filter\/\"><p class=\"elementor-image-box-description\">F\u00fcr die Schmutzpartikel, die trotz des Luftfilter-Vorabscheiders durch den Luftfilter in den Motor gelangen, wird der Topfiltration Bypass-Feinstfilter eingesetzt.<\/p><\/a><\/div><\/div>\t\t\t\t<\/div>\n\t\t\t\t<\/div>\n\t\t\t\t\t<\/div>\n\t\t<\/div>\n\t\t\t\t<div class=\"elementor-column elementor-col-33 elementor-top-column elementor-element elementor-element-f380957\" data-id=\"f380957\" data-element_type=\"column\">\n\t\t\t<div class=\"elementor-widget-wrap elementor-element-populated\">\n\t\t\t\t\t\t<div class=\"elementor-element elementor-element-7fdcbd7 elementor-position-top elementor-widget elementor-widget-image-box\" data-id=\"7fdcbd7\" data-element_type=\"widget\" data-widget_type=\"image-box.default\">\n\t\t\t\t<div class=\"elementor-widget-container\">\n\t\t\t\t\t<div class=\"elementor-image-box-wrapper\"><figure class=\"elementor-image-box-img\"><a href=\"https:\/\/www.topfiltrationeurope.com\/de\/belueftungs-filter-tfe-dry\/\" tabindex=\"-1\"><img decoding=\"async\" width=\"107\" height=\"102\" src=\"https:\/\/www.topfiltrationeurope.com\/wp-content\/uploads\/2021\/07\/BREATHER-100.png\" class=\"elementor-animation-pop attachment-full size-full wp-image-37\" alt=\"\" \/><\/a><\/figure><div class=\"elementor-image-box-content\"><h4 class=\"elementor-image-box-title\"><a href=\"https:\/\/www.topfiltrationeurope.com\/de\/belueftungs-filter-tfe-dry\/\">BEL\u00dcFTUNGSFILTER<\/a><\/h4><a href=\"https:\/\/www.topfiltrationeurope.com\/de\/belueftungs-filter-tfe-dry\/\"><p class=\"elementor-image-box-description\">TopFiltration Bel\u00fcftungs-Filter TFE Dry+ konditionieren die Bel\u00fcftung von hydraulischen Anlagen und Speichertanks. Die Entnahme und R\u00fcckf\u00fchrung von Fl\u00fcssigkeiten aus dem Beh\u00e4lter erzeugt \u00dcberdruck bzw. Unterdruck, der ausgeglichen werden muss. Mit diesem Luftausgleich gelangen Schmutzteilchen und Feuchtigkeit in den Tank. Die hochwertigen TopFiltration Bel\u00fcftungs-Filter absorbieren die Feuchtigkeit mit einer Silikagelf\u00fcllung und filtrieren Schmutzpartikel (&lt;2 m\u00b5 m) aus der Luftzufuhr von hydraulischen Anlagen und Speichertanks.<\/p><\/a><\/div><\/div>\t\t\t\t<\/div>\n\t\t\t\t<\/div>\n\t\t\t\t\t<\/div>\n\t\t<\/div>\n\t\t\t\t\t<\/div>\n\t\t<\/section>\n\t\t\t\t<section class=\"elementor-section elementor-top-section elementor-element elementor-element-c622c6e elementor-section-height-min-height elementor-section-boxed elementor-section-height-default elementor-section-items-middle\" data-id=\"c622c6e\" data-element_type=\"section\" data-settings=\"{&quot;background_background&quot;:&quot;classic&quot;}\">\n\t\t\t\t\t\t\t<div class=\"elementor-background-overlay\"><\/div>\n\t\t\t\t\t\t\t<div class=\"elementor-container elementor-column-gap-default\">\n\t\t\t\t\t<div class=\"elementor-column elementor-col-100 elementor-top-column elementor-element elementor-element-6e9e669\" data-id=\"6e9e669\" data-element_type=\"column\">\n\t\t\t<div class=\"elementor-widget-wrap elementor-element-populated\">\n\t\t\t\t\t\t<div class=\"elementor-element elementor-element-c1ffe2b elementor-widget elementor-widget-heading\" data-id=\"c1ffe2b\" data-element_type=\"widget\" data-widget_type=\"heading.default\">\n\t\t\t\t<div class=\"elementor-widget-container\">\n\t\t\t\t\t<h2 class=\"elementor-heading-title elementor-size-default\">Topfiltration Europe strebt ein umweltfreundliches Unternehmen an<\/h2>\t\t\t\t<\/div>\n\t\t\t\t<\/div>\n\t\t\t\t\t<\/div>\n\t\t<\/div>\n\t\t\t\t\t<\/div>\n\t\t<\/section>\n\t\t\t\t<section class=\"elementor-section elementor-top-section elementor-element elementor-element-3b4c878 elementor-hidden-tablet elementor-hidden-phone elementor-section-boxed elementor-section-height-default elementor-section-height-default\" data-id=\"3b4c878\" data-element_type=\"section\">\n\t\t\t\t\t\t<div class=\"elementor-container elementor-column-gap-default\">\n\t\t\t\t\t<div class=\"elementor-column elementor-col-100 elementor-top-column elementor-element elementor-element-90a72d9\" data-id=\"90a72d9\" data-element_type=\"column\">\n\t\t\t<div class=\"elementor-widget-wrap elementor-element-populated\">\n\t\t\t\t\t\t<div class=\"elementor-element elementor-element-74a0332 elementor-widget elementor-widget-heading\" data-id=\"74a0332\" data-element_type=\"widget\" data-widget_type=\"heading.default\">\n\t\t\t\t<div class=\"elementor-widget-container\">\n\t\t\t\t\t<h2 class=\"elementor-heading-title elementor-size-default\">Pre cleaners return of Investment calculator<\/h2>\t\t\t\t<\/div>\n\t\t\t\t<\/div>\n\t\t\t\t<div class=\"elementor-element elementor-element-e7a1e69 elementor-widget elementor-widget-shortcode\" data-id=\"e7a1e69\" data-element_type=\"widget\" data-widget_type=\"shortcode.default\">\n\t\t\t\t<div class=\"elementor-widget-container\">\n\t\t\t\t\t\t\t<div class=\"elementor-shortcode\"><table width=\"100%\" border=\"0\" cellspacing=\"0\" cellpadding=\"0\" class=\"calctablesavings\" id=\"calcfirsttable\">\n  <tr>\n    <td colspan=\"5\" class=\"calcheader\">Operating Parameters<\/td>\n  <\/tr>\n  <tr>\n    <td>&nbsp;<\/td>\n    <td style=\"width:50px;\">&nbsp;<\/td>\n    <td style=\"width:20px;\">&nbsp;&nbsp;&nbsp;&nbsp;&nbsp;<\/td>\n    <td>&nbsp;<\/td>\n    <td class=\"textalignright\" style=\"width:50px;\">&nbsp;<\/td>\n  <\/tr>\n  <tr>\n    <td style=\"width:49%\"><span id=\"lblOpHoursPerDay\">Operating hours per day<\/span><\/td>\n    <td style=\"width:70px;\" class=\"textalignright\"><input name=\"textfield\" type=\"text\" class=\"calcmaininputwidth\" id=\"calcoperatinghoursperday\" value=\"8\" \/><\/td>\n    <td >&nbsp;<\/td>\n    <td class=\"padright\" style=\"width:49%\"><span id=\"lbltxtHourlyLaborRate\">Labor cost per hour (add downtime cost per hour if known)<\/span><\/td>\n    <td valign=\"top\" class=\"textalignright\" style=\"width:70px;\"><input name=\"textfield5\" type=\"text\"  class=\"calcmaininputwidth\" id=\"calclaborcost\" value=\"75.00\"  \/><\/td>\n  <\/tr>\n  <tr>\n    <td style=\"width:49%\">&nbsp;<\/td>\n    <td style=\"width:70px;\" class=\"textalignright\">&nbsp;<\/td>\n    <td >&nbsp;<\/td>\n    <td class=\"padright\" style=\"width:49%\">&nbsp;<\/td>\n    <td valign=\"top\" class=\"textalignright\" style=\"width:70px;\">&nbsp;<\/td>\n  <\/tr>\n  <tr>\n    <td><span id=\"lblOpDaysPerWeek\">Operating days per week<\/span><\/td>\n    <td class=\"textalignright\"><input name=\"textfield2\" type=\"text\"  class=\"calcmaininputwidth\" id=\"calcoperatingdaysperweek\" value=\"5\"  \/><\/td>\n    <td>&nbsp;<\/td>\n    <td  class=\"padright\" ><span id=\"lblBlowOutTime\">Length of time it takes to blow-out or replace primary air filter*<\/span><\/td>\n    <td valign=\"top\" nowrap=\"nowrap\" class=\"textalignright\">hours\n      <input name=\"textfield6\" type=\"text\" class=\"calcsubinputwidth\" id=\"calcreplacementtimeprimary\" value=\".5\" \/><\/td>\n  <\/tr>\n  <tr>\n    <td>&nbsp;<\/td>\n    <td class=\"textalignright\">&nbsp;<\/td>\n    <td>&nbsp;<\/td>\n    <td  class=\"padright\" >&nbsp;<\/td>\n    <td valign=\"top\" nowrap=\"nowrap\" class=\"textalignright\">&nbsp;<\/td>\n  <\/tr>\n  <tr>\n    <td><span id=\"lblOpWeeksPerYear\">Operating weeks per year<\/span><\/td>\n    <td class=\"textalignright\"><input name=\"textfield3\" type=\"text\"  class=\"calcmaininputwidth\" id=\"calcoperatingweeksperyear\" value=\"48\"  \/><\/td>\n    <td>&nbsp;<\/td>\n    <td class=\"padright\" ><span id=\"lblFilterChangeInterval\">Primary air-filter change interval<\/span><\/td>\n    <td valign=\"top\" nowrap=\"nowrap\" class=\"textalignright\">hours\n      <input name=\"textfield7\" type=\"text\" class=\"calcsubinputwidth\" id=\"calcairchangeinterval\" value=\"40\" \/><\/td>\n  <\/tr>\n  <tr>\n    <td>&nbsp;<\/td>\n    <td class=\"textalignright\">&nbsp;<\/td>\n    <td>&nbsp;<\/td>\n    <td class=\"padright\" >&nbsp;<\/td>\n    <td valign=\"top\" nowrap=\"nowrap\" class=\"textalignright\">&nbsp;<\/td>\n  <\/tr>\n  <tr>\n    <td><span id=\"lblOpHoursPerYearLabel\">Total operating hours per year<\/span><\/td>\n    <td  class=\"textalignright\"><span id=\"calctotaloperatinghoursperyear\">1920<\/span><\/td>\n    <td>&nbsp;<\/td>\n    <td class=\"padright\" ><input name=\"checkbox2\" type=\"checkbox\" id=\"calccheckblowfilter\" value=\"1\" checked=\"checked\" \/>\n      Check if you blow-out air filter* and specify interval <\/td>\n    <td valign=\"top\" nowrap=\"nowrap\" class=\"textalignright\">hours\n      <input name=\"textfield8\" type=\"text\" class=\"calcsubinputwidth\" id=\"calccheckblowfilterhours\" value=\"8\" \/><\/td>\n  <\/tr>\n  <tr>\n    <td>&nbsp;<\/td>\n    <td  class=\"textalignright\">&nbsp;<\/td>\n    <td>&nbsp;<\/td>\n    <td class=\"padright\" >&nbsp;<\/td>\n    <td valign=\"top\" nowrap=\"nowrap\" class=\"textalignright\">&nbsp;<\/td>\n  <\/tr>\n  <tr>\n    <td><span id=\"lblCostOfNewHVAC\">Cost of new primary air filter<\/span><\/td>\n    <td class=\"textalignright\"><input name=\"textfield4\" type=\"text\"  class=\"calcmaininputwidth\" \n          id=\"calccostnewairfilter\" value=\"50.00\"  \/><\/td>\n    <td>&nbsp;<\/td>\n    <td class=\"padright\" ><input name=\"calccheckdustblowfilter\" type=\"checkbox\" id=\"calccheckdustblowfilter\" value=\"1\" checked=\"checked\" \/>\n      <label for=\"checkbox\"><\/label>\n      Check if machine is equipped with dust bowl type precleaner and specify dust bowl cleaning interval <\/td>\n    <td valign=\"top\" nowrap=\"nowrap\" class=\"textalignright\">hours\n      <input name=\"textfield9\" type=\"text\" class=\"calcsubinputwidth\" id=\"calccheckdustblowfilterhours\" value=\"0\" \/><\/td>\n  <\/tr>\n<\/table>\n<br \/>\n<br \/>\n<table align=\"center\" border=\"0\" cellspacing=\"0\" cellpadding=\"0\" class=\"calctablesavings2\">\n  <tr>\n    <td><a href=\"#\" id=\"calcrestoredefaults\">Restore Defaults<\/a><\/td>\n    <td>&nbsp;&nbsp;&nbsp;<\/td>\n    <td><a href=\"#\" id=\"calcsavings\">Calculate Savings<\/a><\/td>\n  <\/tr>\n<\/table>\n<br \/>\n<br \/>\n<table width=\"100%\" border=\"0\" cellspacing=\"0\" cellpadding=\"0\" class=\"calctablesavings3\" id=\"calclasttable\">\n  <tr>\n    <td colspan=\"2\" class=\"calcheaderwithout\">Without Any Precleaner<\/td>\n    <td style=\"width:10px;\">&nbsp;&nbsp;&nbsp;&nbsp;&nbsp;<\/td>\n    <td colspan=\"2\"  class=\"calcheaderwith\">With Single-Stage Precleaner<\/td>\n  <\/tr>\n  <tr>\n    <td>&nbsp;<\/td>\n    <td valign=\"top\" class=\"textalignright\">&nbsp;<\/td>\n    <td>&nbsp;<\/td>\n    <td>&nbsp;<\/td>\n    <td valign=\"top\" class=\"textalignright\">&nbsp;<\/td>\n  <\/tr>\n  <tr>\n    <td><span id=\"lblNbrReplacedWO\">Number of primary air filters replaced per year<\/span><\/td>\n    <td valign=\"top\" class=\"textalignright\"><span id=\"calcresult1filters\" class=\"calcresultfield\">48<\/span><\/td>\n    <td>&nbsp;<\/td>\n    <td valign=\"top\"><span id=\"lblBlowOutWithGideon\">Blow-out primary air filter*<\/span><\/td>\n    <td valign=\"top\" class=\"textalignright\"><span id=\"xx9\" class=\"calcresultfield\">unnecessary<\/span><\/td>\n  <\/tr>\n  <tr>\n    <td>&nbsp;<\/td>\n    <td valign=\"top\" class=\"textalignright\">&nbsp;<\/td>\n    <td>&nbsp;<\/td>\n    <td>&nbsp;<\/td>\n    <td valign=\"top\" class=\"textalignright\">&nbsp;<\/td>\n  <\/tr>\n  <tr>\n    <td><span id=\"lblAnnualLaborWO\">Annual labor cost (with downtime cost if known) for changing primary air filters<\/span><\/td>\n    <td valign=\"top\" class=\"textalignright\"><span id=\"calcresult2laborcost\" class=\"calcresultfield\">\u20ac1,080.00<\/span><\/td>\n    <td>&nbsp;<\/td>\n    <td valign=\"top\"><span id=\"lblSeries9000FilterChanges\">Annual number of air filter changes<\/span><\/td>\n    <td valign=\"top\" class=\"textalignright\"><span id=\"calcresult9numberoffilterchanges\">16<\/span><\/td>\n  <\/tr>\n  <tr>\n    <td>&nbsp;<\/td>\n    <td valign=\"top\" class=\"textalignright\">&nbsp;<\/td>\n    <td>&nbsp;<\/td>\n    <td>&nbsp;<\/td>\n    <td valign=\"top\" class=\"textalignright\">&nbsp;<\/td>\n  <\/tr>\n  <tr>\n    <td><span id=\"lblAnnualFilterCostWO\">Annual cost of new primary air filters<\/span><\/td>\n    <td valign=\"top\" class=\"textalignright\"><span id=\"calcresult3annualfiltercost\" class=\"calcresultfield\">\u20ac2,400.00<\/span><\/td>\n    <td>&nbsp;<\/td>\n    <td valign=\"top\"><span id=\"lblAnnualCostFiltersSeries9000\">Annual cost of new primary air filters<\/span><\/td>\n    <td valign=\"top\" class=\"textalignright\"><span id=\"calcresult10annualfiltercosts\">\u20ac800.00<\/span><\/td>\n  <\/tr>\n  <tr>\n    <td>&nbsp;<\/td>\n    <td valign=\"top\" class=\"textalignright\">&nbsp;<\/td>\n    <td>&nbsp;<\/td>\n    <td>&nbsp;<\/td>\n    <td valign=\"top\" class=\"textalignright\">&nbsp;<\/td>\n  <\/tr>\n  <tr>\n    <td><span id=\"lblAirFilterBlowouts\">Number of primary air filter blow-outs per year*<\/span><\/td>\n    <td valign=\"top\" class=\"textalignright\"><span id=\"calcresult4blowouts\" class=\"calcresultfield\">240<\/span><\/td>\n    <td>&nbsp;<\/td>\n    <td valign=\"top\"><span id=\"lblAnnualLaborWith\">Annual labor cost (with downtime cost if known) for changing primary air filters<\/span><\/td>\n    <td valign=\"top\" class=\"textalignright\"><span id=\"calcresult11annuallaborcosts\">\u20ac144.00<\/span><\/td>\n  <\/tr>\n  <tr>\n    <td>&nbsp;<\/td>\n    <td valign=\"top\" class=\"textalignright\">&nbsp;<\/td>\n    <td>&nbsp;<\/td>\n    <td>&nbsp;<\/td>\n    <td valign=\"top\" class=\"textalignright\">&nbsp;<\/td>\n  <\/tr>\n  <tr>\n    <td><span id=\"lblAnnualLaborCostsWO\">Annual labor cost (with downtime cost if known) for blow-outs*<\/span><\/td>\n    <td valign=\"top\" class=\"textalignright\"><span id=\"calcresult5annuallaborcost\" class=\"calcresultfield\">\u20ac5,400.00<\/span><\/td>\n    <td>&nbsp;<\/td> \n    <td>&nbsp;<\/td>\n    <td>&nbsp;<\/td>\n  <\/tr>\n  <tr>\n    <td>&nbsp;<\/td>\n    <td valign=\"top\" class=\"textalignright\">&nbsp;<\/td>\n    <td>&nbsp;<\/td>\n    <td>&nbsp;<\/td>\n    <td>&nbsp;<\/td>\n  <\/tr>\n  <tr>\n    <td><span id=\"lblDustBowlCleanings\">Number of dust bowl cleanings per year<\/span><\/td>\n    <td valign=\"top\" class=\"textalignright\"><span id=\"calcresult6dustbowls\" class=\"calcresultfield\">0<\/span><\/td>\n    <td>&nbsp;<\/td>\n    <td>&nbsp;<\/td>\n    <td>&nbsp;<\/td>\n  <\/tr>\n  <tr>\n    <td>&nbsp;<\/td>\n    <td valign=\"top\" class=\"textalignright\">&nbsp;<\/td>\n    <td>&nbsp;<\/td>\n    <td>&nbsp;<\/td>\n    <td>&nbsp;<\/td>\n  <\/tr>\n  <tr>\n    <td><span id=\"lblDustBowlCleaningsLabor\">Annual labor cost (with downtime cost if known) for dust bowl cleanings<\/span><\/td>\n    <td valign=\"top\" class=\"textalignright\"><span id=\"calcresult7annuallaborcost\" class=\"calcresultfield\">\u20ac0.00<\/span><\/td>\n    <td>&nbsp;<\/td>\n    <td>&nbsp;<\/td>\n    <td>&nbsp;<\/td>\n  <\/tr>\n  <tr>\n    <td>&nbsp;<\/td>\n    <td valign=\"top\" class=\"textalignright\">&nbsp;<\/td>\n    <td>&nbsp;<\/td>\n    <td>&nbsp;<\/td>\n    <td valign=\"top\" class=\"textalignright\">&nbsp;<\/td>\n  <\/tr>\n  <tr>\n    <td>&nbsp;<\/td>\n    <td valign=\"top\" class=\"textalignright\">&nbsp;<\/td>\n    <td>&nbsp;<\/td>\n    <td>&nbsp;<\/td>\n    <td valign=\"top\" class=\"textalignright\">&nbsp;<\/td>\n  <\/tr>\n  <tr class=\"calclastrow\">\n    <td><span id=\"lblTotalWO\">Total WITHOUT<\/span><\/td>\n    <td valign=\"top\" class=\"textalignright\"><span id=\"calcresult8totalwithout\" class=\"calcresultfield\">\u20ac8,880.00<\/span><\/td>\n    <td>&nbsp;<\/td>\n    <td><span id=\"lblTotalWith\">Total WITH<\/span><\/td>\n    <td valign=\"top\" class=\"textalignright\"><span id=\"calcresult12totalwith\" class=\"calcresultfield\">\u20ac944.00<\/span><\/td>\n  <\/tr>\n<\/table>\n<br \/>\n<br \/>\n<div class=\"calcannualsavings\">Annual Savings* with : <span>\u20ac14,272.00<\/span><\/div>\n<div class=\"savingsnote\"> * Savings calculation based on current use with a dust bowl-type precleaner, OR without any precleaner installed (filter housing and rain cap only). Blow-out of primary air filter is never recommended as it may damage air filter effectiveness.<\/div><\/div>\n\t\t\t\t\t\t<\/div>\n\t\t\t\t<\/div>\n\t\t\t\t\t<\/div>\n\t\t<\/div>\n\t\t\t\t\t<\/div>\n\t\t<\/section>\n\t\t\t\t<\/div>\n\t\t","protected":false},"excerpt":{"rendered":"<p>KEEPS YOUR EQUIPMENT MOVING UNSER UNTERNEHMEN Topfiltration Europe ist als Spezialist f\u00fcr hochwertige Spezialfilter zuverl\u00e4\u00dfiger Partner von Unternehmen in Stra\u00dfenbau, Landwirtschaft\/Forstwirtschaft, Bergbau, Tief- und Hochbau, Maschinenbau und Fahrzeugbau. Ob Luftvorabscheider oder By-pass-Filtersysteme, hydraulisch Filter, Bel\u00fcfter oder Bio-Filter: Wir verwenden ausschlie\u00dflich hochwertige, exklusive Orginalteile aus Deutschland und den USA (keine Plagiate!). VORABSCHEIDER Top Air Vorabscheider verhindern, &hellip;<\/p>\n<p class=\"read-more\"> <a class=\"\" href=\"https:\/\/www.topfiltrationeurope.com\/de\/\"> <span class=\"screen-reader-text\">Home<\/span> Weiterlesen &raquo;<\/a><\/p>\n","protected":false},"author":1,"featured_media":0,"parent":0,"menu_order":0,"comment_status":"closed","ping_status":"closed","template":"","meta":{"site-sidebar-layout":"no-sidebar","site-content-layout":"page-builder","ast-global-header-display":"","ast-main-header-display":"","ast-hfb-above-header-display":"","ast-hfb-below-header-display":"","ast-hfb-mobile-header-display":"","site-post-title":"disabled","ast-breadcrumbs-content":"","ast-featured-img":"disabled","footer-sml-layout":"","theme-transparent-header-meta":"default","adv-header-id-meta":"","stick-header-meta":"","header-above-stick-meta":"","header-main-stick-meta":"","header-below-stick-meta":"","footnotes":""},"class_list":["post-451","page","type-page","status-publish","hentry"],"_links":{"self":[{"href":"https:\/\/www.topfiltrationeurope.com\/de\/wp-json\/wp\/v2\/pages\/451","targetHints":{"allow":["GET"]}}],"collection":[{"href":"https:\/\/www.topfiltrationeurope.com\/de\/wp-json\/wp\/v2\/pages"}],"about":[{"href":"https:\/\/www.topfiltrationeurope.com\/de\/wp-json\/wp\/v2\/types\/page"}],"author":[{"embeddable":true,"href":"https:\/\/www.topfiltrationeurope.com\/de\/wp-json\/wp\/v2\/users\/1"}],"replies":[{"embeddable":true,"href":"https:\/\/www.topfiltrationeurope.com\/de\/wp-json\/wp\/v2\/comments?post=451"}],"version-history":[{"count":4,"href":"https:\/\/www.topfiltrationeurope.com\/de\/wp-json\/wp\/v2\/pages\/451\/revisions"}],"predecessor-version":[{"id":1328,"href":"https:\/\/www.topfiltrationeurope.com\/de\/wp-json\/wp\/v2\/pages\/451\/revisions\/1328"}],"wp:attachment":[{"href":"https:\/\/www.topfiltrationeurope.com\/de\/wp-json\/wp\/v2\/media?parent=451"}],"curies":[{"name":"wp","href":"https:\/\/api.w.org\/{rel}","templated":true}]}}